{"id":7217,"date":"2025-05-08T00:18:19","date_gmt":"2025-05-07T22:18:19","guid":{"rendered":"https:\/\/ared.tickets-place.net\/?page_id=7217"},"modified":"2025-05-15T18:18:27","modified_gmt":"2025-05-15T16:18:27","slug":"edition","status":"publish","type":"page","link":"https:\/\/ared.tickets-place.net\/en\/edition\/","title":{"rendered":"Edition"},"content":{"rendered":"<div data-elementor-type=\"page\" data-elementor-id=\"7217\" class=\"elementor elementor-7217\" data-elementor-post-type=\"page\">\n\t\t\t\t<div data-particle_enable=\"false\" data-particle-mobile-disabled=\"false\" class=\"elementor-element elementor-element-c997d0b e-flex e-con-boxed e-con e-parent\" data-id=\"c997d0b\" data-element_type=\"container\">\n\t\t\t\t\t<div class=\"e-con-inner\">\n\t\t\t\t<div class=\"elementor-element elementor-element-ca56d69 text-center elementor-widget elementor-widget-tp-heading-title\" data-id=\"ca56d69\" data-element_type=\"widget\" data-widget_type=\"tp-heading-title.default\">\n\t\t\t\t<div class=\"elementor-widget-container\">\n\t\t\t\t\t<div class=\"heading heading_style heading_style69e253fa0f2ad style-1\" ><div class=\"sub-style\" ><div class=\"head-title\" > <h1  class=\"heading-title\"  data-hover=\"\u00c9dition : La Puissance des Mots pour Transformer les Communaut\u00e9s\">Publishing: The Power of Words to Transform Communities<span class=\"title-s\">  <\/span><\/h1><\/div><\/div><\/div>\t\t\t\t<\/div>\n\t\t\t\t<\/div>\n\t\t\t\t<div class=\"elementor-element elementor-element-5ec2cc8 elementor-widget elementor-widget-image\" data-id=\"5ec2cc8\" data-element_type=\"widget\" data-settings=\"{&quot;_animation&quot;:&quot;none&quot;}\" data-widget_type=\"image.default\">\n\t\t\t\t<div class=\"elementor-widget-container\">\n\t\t\t\t\t\t\t\t\t\t\t\t\t\t\t<img loading=\"lazy\" decoding=\"async\" width=\"1024\" height=\"768\" src=\"https:\/\/ared.tickets-place.net\/wp-content\/uploads\/2024\/02\/IMG_0020_LPT-RELIT-scaled-2-1024x768.jpg\" class=\"attachment-large size-large wp-image-6465\" alt=\"\" srcset=\"https:\/\/ared.tickets-place.net\/wp-content\/uploads\/2024\/02\/IMG_0020_LPT-RELIT-scaled-2-1024x768.jpg 1024w, https:\/\/ared.tickets-place.net\/wp-content\/uploads\/2024\/02\/IMG_0020_LPT-RELIT-scaled-2-300x225.jpg 300w, https:\/\/ared.tickets-place.net\/wp-content\/uploads\/2024\/02\/IMG_0020_LPT-RELIT-scaled-2-768x576.jpg 768w, https:\/\/ared.tickets-place.net\/wp-content\/uploads\/2024\/02\/IMG_0020_LPT-RELIT-scaled-2-1536x1152.jpg 1536w, https:\/\/ared.tickets-place.net\/wp-content\/uploads\/2024\/02\/IMG_0020_LPT-RELIT-scaled-2-2048x1536.jpg 2048w, https:\/\/ared.tickets-place.net\/wp-content\/uploads\/2024\/02\/IMG_0020_LPT-RELIT-scaled-2-16x12.jpg 16w\" sizes=\"auto, (max-width: 1024px) 100vw, 1024px\" \/>\t\t\t\t\t\t\t\t\t\t\t\t\t\t\t<\/div>\n\t\t\t\t<\/div>\n\t\t\t\t\t<\/div>\n\t\t\t\t<\/div>\n\t\t<div data-particle_enable=\"false\" data-particle-mobile-disabled=\"false\" class=\"elementor-element elementor-element-84964e2 e-flex e-con-boxed e-con e-parent\" data-id=\"84964e2\" data-element_type=\"container\">\n\t\t\t\t\t<div class=\"e-con-inner\">\n\t\t\t\t<div class=\"elementor-element elementor-element-4e47371 text-left elementor-widget elementor-widget-tp-heading-title\" data-id=\"4e47371\" data-element_type=\"widget\" data-widget_type=\"tp-heading-title.default\">\n\t\t\t\t<div class=\"elementor-widget-container\">\n\t\t\t\t\t<div class=\"heading heading_style heading_style69e253fa0f80b style-1\" ><div class=\"sub-style\" ><div class=\"head-title\" > <h2  class=\"heading-title\"  data-hover=\"Des Ressources P\u00e9dagogiques en Langues Nationales pour une \u00c9ducation Inclusive et Durable\">Educational Resources in National Languages for Inclusive and Sustainable Education<span class=\"title-s\">  <\/span><\/h2><\/div><\/div><\/div>\t\t\t\t<\/div>\n\t\t\t\t<\/div>\n\t\t\t\t<div class=\"elementor-element elementor-element-29fa4c9 elementor-widget elementor-widget-tp-adv-text-block\" data-id=\"29fa4c9\" data-element_type=\"widget\" data-widget_type=\"tp-adv-text-block.default\">\n\t\t\t\t<div class=\"elementor-widget-container\">\n\t\t\t\t\t<div class=\"pt-plus-text-block-wrapper\" ><div class=\"text_block_parallax\"><div class=\"pt_plus_adv_text_block\" ><div class=\"text-content-block\"><p data-start=\"80\" data-end=\"374\">For over 30 years, ARED has put its editorial expertise at the service of national languages to support education and the transmission of knowledge. Far from limiting itself to the publication of books, ARED designs pedagogical and scientific supports that meet the needs of communities and development professionals, in ever-changing educational and social contexts.<br \/>Our catalog includes textbooks, teaching guides, training manuals and discussion papers, in national languages and French.<br \/>For over 30 years, ARED has leveraged its publishing expertise to support mother tongue languages in promoting education and knowledge transmission. Far from limiting itself to book publishing, ARED designs pedagogical and scientific materials that address the needs of communities and development professionals in ever-evolving educational and social contexts.\nOur catalog includes school textbooks, teaching guides, training manuals, and reflective essays, in mother tongue languages and French.\nFor ARED, publishing is a key driver of social transformation: it supports teachers, trainers, researchers, and community actors in their daily missions of education, training, and awareness-raising by providing them with high-quality, contextually appropriate tools.<\/p><\/div><\/div><\/div><\/div>\t\t\t\t<\/div>\n\t\t\t\t<\/div>\n\t\t\t\t\t<\/div>\n\t\t\t\t<\/div>\n\t\t<div data-particle_enable=\"false\" data-particle-mobile-disabled=\"false\" class=\"elementor-element elementor-element-304d450f e-flex e-con-boxed e-con e-child\" data-id=\"304d450f\" data-element_type=\"container\">\n\t\t\t\t\t<div class=\"e-con-inner\">\n\t\t\t\t<div class=\"elementor-element elementor-element-44fd262c text-left elementor-widget-tablet__width-initial elementor-widget elementor-widget-tp-heading-title\" data-id=\"44fd262c\" data-element_type=\"widget\" data-settings=\"{&quot;_animation&quot;:&quot;none&quot;}\" data-widget_type=\"tp-heading-title.default\">\n\t\t\t\t<div class=\"elementor-widget-container\">\n\t\t\t\t\t<div class=\"heading heading_style heading_style69e253fa0fdc1 style-4\" ><div class=\"sub-style\" ><div class=\"head-title\" > <h2  class=\"heading-title\"  data-hover=\"\u00c9dition\">Edition<\/h2><div class=\"seprator sep-l\" ><span class=\"title-sep sep-l\" ><\/span><span class=\"title-sep sep-r\" ><\/span><\/div><\/div><\/div><\/div>\t\t\t\t<\/div>\n\t\t\t\t<\/div>\n\t\t\t\t\t<\/div>\n\t\t\t\t<\/div>\n\t\t<div data-particle_enable=\"false\" data-particle-mobile-disabled=\"false\" class=\"elementor-element elementor-element-160626f1 e-flex e-con-boxed e-con e-parent\" data-id=\"160626f1\" data-element_type=\"container\">\n\t\t\t\t\t<div class=\"e-con-inner\">\n\t\t\t\t<div class=\"elementor-element elementor-element-4f7189ad elementor-grid-3 elementor-grid-tablet-2 elementor-grid-mobile-1 elementor-widget elementor-widget-loop-grid\" data-id=\"4f7189ad\" data-element_type=\"widget\" data-settings=\"{&quot;template_id&quot;:&quot;6723&quot;,&quot;columns&quot;:3,&quot;_skin&quot;:&quot;post&quot;,&quot;columns_tablet&quot;:&quot;2&quot;,&quot;columns_mobile&quot;:&quot;1&quot;,&quot;edit_handle_selector&quot;:&quot;[data-elementor-type=\\&quot;loop-item\\&quot;]&quot;,&quot;row_gap&quot;:{&quot;unit&quot;:&quot;px&quot;,&quot;size&quot;:&quot;&quot;,&quot;sizes&quot;:[]},&quot;row_gap_tablet&quot;:{&quot;unit&quot;:&quot;px&quot;,&quot;size&quot;:&quot;&quot;,&quot;sizes&quot;:[]},&quot;row_gap_mobile&quot;:{&quot;unit&quot;:&quot;px&quot;,&quot;size&quot;:&quot;&quot;,&quot;sizes&quot;:[]}}\" data-widget_type=\"loop-grid.post\">\n\t\t\t\t<div class=\"elementor-widget-container\">\n\t\t\t\t\t\t\t<div class=\"elementor-loop-container elementor-grid\">\n\t\t<style id=\"loop-6723\">.elementor-6723 .elementor-element.elementor-element-c5c65f4{--display:flex;--flex-direction:column;--container-widget-width:100%;--container-widget-height:initial;--container-widget-flex-grow:0;--container-widget-align-self:initial;--flex-wrap-mobile:wrap;}.elementor-6723 .elementor-element.elementor-element-128d414 img{width:100%;max-width:100%;height:261px;}.elementor-6723 .elementor-element.elementor-element-ac0fd0f .elementor-button{background-color:#FFFFFF;fill:#000000;color:#000000;}.elementor-6723 .elementor-element.elementor-element-ac0fd0f > .elementor-widget-container{margin:-65px 0px 0px 34px;}.elementor-6723 .elementor-element.elementor-element-bfc0bb9 > .elementor-widget-container{margin:-39px 0px 0px 0px;}.elementor-6723 .elementor-element.elementor-element-bfc0bb9 .ue-link-wrap{justify-content:center;}.elementor-6723 .elementor-element.elementor-element-bfc0bb9 a.ue-link{flex-direction:row;color:#000000;}.elementor-6723 .elementor-element.elementor-element-bfc0bb9 a.ue-link svg{fill:#000000;}.elementor-6723 .elementor-element.elementor-element-bfc0bb9 a.ue-link:after{background-color:#000000;height:1px;}.elementor-6723 .elementor-element.elementor-element-bfc0bb9 .ue-link-hover-effect-icon{font-size:15px;transform:rotate(0deg);}.elementor-6723 .elementor-element.elementor-element-bfc0bb9 .ue-link-hover-effect-icon img,.elementor-6723 .elementor-element.elementor-element-bfc0bb9 .ue-link-hover-effect-icon svg{width:15px;height:15px;}.elementor-6723 .elementor-element.elementor-element-bfc0bb9 .ue-link-hover-effect-spacing{width:15px;}.elementor-6723 .elementor-element.elementor-element-bfc0bb9 a:hover .ue-link-hover-effect-spacing{width:30px;}.elementor-6723 .elementor-element.elementor-element-bfc0bb9 a:hover .ue-link-hover-effect-icon{transform:rotate(0deg);}<\/style>\t\t<div data-elementor-type=\"loop-item\" data-elementor-id=\"6723\" class=\"elementor elementor-6723 e-loop-item e-loop-item-1169 post-1169 project type-project status-publish has-post-thumbnail hentry\" data-elementor-post-type=\"elementor_library\" data-custom-edit-handle=\"1\">\n\t\t\t<div data-particle_enable=\"false\" data-particle-mobile-disabled=\"false\" class=\"elementor-element elementor-element-c5c65f4 e-con-full e-flex e-con e-parent\" data-id=\"c5c65f4\" data-element_type=\"container\">\n\t\t\t\t<div class=\"elementor-element elementor-element-128d414 elementor-widget elementor-widget-theme-post-featured-image elementor-widget-image\" data-id=\"128d414\" data-element_type=\"widget\" data-widget_type=\"theme-post-featured-image.default\">\n\t\t\t\t<div class=\"elementor-widget-container\">\n\t\t\t\t\t\t\t\t\t\t\t\t\t\t\t<img loading=\"lazy\" decoding=\"async\" width=\"1149\" height=\"814\" src=\"https:\/\/ared.tickets-place.net\/wp-content\/uploads\/2021\/05\/PAPE-1.jpg\" class=\"attachment-full size-full wp-image-5683\" alt=\"\" srcset=\"https:\/\/ared.tickets-place.net\/wp-content\/uploads\/2021\/05\/PAPE-1.jpg 1149w, https:\/\/ared.tickets-place.net\/wp-content\/uploads\/2021\/05\/PAPE-1-300x213.jpg 300w, https:\/\/ared.tickets-place.net\/wp-content\/uploads\/2021\/05\/PAPE-1-1024x725.jpg 1024w, https:\/\/ared.tickets-place.net\/wp-content\/uploads\/2021\/05\/PAPE-1-768x544.jpg 768w, https:\/\/ared.tickets-place.net\/wp-content\/uploads\/2021\/05\/PAPE-1-18x12.jpg 18w\" sizes=\"auto, (max-width: 1149px) 100vw, 1149px\" \/>\t\t\t\t\t\t\t\t\t\t\t\t\t\t\t<\/div>\n\t\t\t\t<\/div>\n\t\t\t\t<div class=\"elementor-element elementor-element-ac0fd0f elementor-widget elementor-widget-button\" data-id=\"ac0fd0f\" data-element_type=\"widget\" data-widget_type=\"button.default\">\n\t\t\t\t<div class=\"elementor-widget-container\">\n\t\t\t\t\t\t\t\t\t<div class=\"elementor-button-wrapper\">\n\t\t\t\t\t<a class=\"elementor-button elementor-button-link elementor-size-sm\" href=\"#\">\n\t\t\t\t\t\t<span class=\"elementor-button-content-wrapper\">\n\t\t\t\t\t\t\t\t\t<span class=\"elementor-button-text\">Project<\/span>\n\t\t\t\t\t<\/span>\n\t\t\t\t\t<\/a>\n\t\t\t\t<\/div>\n\t\t\t\t\t\t\t\t<\/div>\n\t\t\t\t<\/div>\n\t\t\t\t<div class=\"elementor-element elementor-element-bfc0bb9 elementor-widget elementor-widget-ucaddon_underline_link_hover_effect\" data-id=\"bfc0bb9\" data-element_type=\"widget\" data-widget_type=\"ucaddon_underline_link_hover_effect.default\">\n\t\t\t\t<div class=\"elementor-widget-container\">\n\t\t\t\t\t\n<!-- start Underline Link Hover Effect -->\n\t\t<link id='font-awesome-css' href='https:\/\/ared.tickets-place.net\/wp-content\/plugins\/unlimited-elements-for-elementor-premium\/assets_libraries\/font-awesome6\/fontawesome-all.min.css' type='text\/css' rel='stylesheet' >\n\t\t<link id='font-awesome-4-shim-css' href='https:\/\/ared.tickets-place.net\/wp-content\/plugins\/unlimited-elements-for-elementor-premium\/assets_libraries\/font-awesome6\/fontawesome-v4-shims.min.css' type='text\/css' rel='stylesheet' >\n\n<style>\/* widget: Underline Link Hover Effect *\/\n\n#uc_underline_link_hover_effect_elementor_bfc0bb9{\n  display:flex;\n} \n\n#uc_underline_link_hover_effect_elementor_bfc0bb9 a.ue-link{\n  display:flex;\n  position:relative;\n  align-items:center;\n  justify-content:center;\n  text-decoration:none;\n}\n\n#uc_underline_link_hover_effect_elementor_bfc0bb9 a.ue-link:after{\n  content: \"\";\n    width:100%;\n    position:absolute;\n  bottom:0px;\n    left:0px;\n    display: block;\n  transition:1s;\n}\n\n#uc_underline_link_hover_effect_elementor_bfc0bb9 a:hover:after{\n    width:0%;\n  }\n\n#uc_underline_link_hover_effect_elementor_bfc0bb9 .ue-link-hover-effect-spacing{\n  transition:1s;\n}\n\n#uc_underline_link_hover_effect_elementor_bfc0bb9 .ue-link-hover-effect-text{\n  padding:10px 0px;\n}\n\n#uc_underline_link_hover_effect_elementor_bfc0bb9 .ue-link-hover-effect-icon{\n  line-height:1em;\n  transition:1s;\n}\n\n#uc_underline_link_hover_effect_elementor_bfc0bb9 .ue-link-hover-effect-icon svg{\n  height:1em;\n  width:1em;\n}\n\n<\/style>\n\n<div id=\"uc_underline_link_hover_effect_elementor_bfc0bb9\" class=\"ue-link-wrap\">\n  <a class=\"ue-link\" href=\"https:\/\/ared.tickets-place.net\/en\" >\n    <div class=\"ue-link-hover-effect-text\">Agropastoral Systems Productivity Support Project (PAPE)<\/div>\n    <div class=\"ue-link-hover-effect-spacing\"><\/div>\n    <div class=\"ue-link-hover-effect-icon\"><i class='fas fa-arrow-right'><\/i><\/div>\n  <\/a>\n<\/div>\n<!-- end Underline Link Hover Effect -->\t\t\t\t<\/div>\n\t\t\t\t<\/div>\n\t\t\t\t<\/div>\n\t\t\t\t<\/div>\n\t\t\t\t<div data-elementor-type=\"loop-item\" data-elementor-id=\"6723\" class=\"elementor elementor-6723 e-loop-item e-loop-item-1596 post-1596 project type-project status-publish has-post-thumbnail hentry\" data-elementor-post-type=\"elementor_library\" data-custom-edit-handle=\"1\">\n\t\t\t<div data-particle_enable=\"false\" data-particle-mobile-disabled=\"false\" class=\"elementor-element elementor-element-c5c65f4 e-con-full e-flex e-con e-parent\" data-id=\"c5c65f4\" data-element_type=\"container\">\n\t\t\t\t<div class=\"elementor-element elementor-element-128d414 elementor-widget elementor-widget-theme-post-featured-image elementor-widget-image\" data-id=\"128d414\" data-element_type=\"widget\" data-widget_type=\"theme-post-featured-image.default\">\n\t\t\t\t<div class=\"elementor-widget-container\">\n\t\t\t\t\t\t\t\t\t\t\t\t\t\t\t<img loading=\"lazy\" decoding=\"async\" width=\"2560\" height=\"1707\" src=\"https:\/\/ared.tickets-place.net\/wp-content\/uploads\/2021\/06\/KEURNDIAYE30-scaled-2.jpg\" class=\"attachment-full size-full wp-image-5289\" alt=\"\" srcset=\"https:\/\/ared.tickets-place.net\/wp-content\/uploads\/2021\/06\/KEURNDIAYE30-scaled-2.jpg 2560w, https:\/\/ared.tickets-place.net\/wp-content\/uploads\/2021\/06\/KEURNDIAYE30-scaled-2-300x200.jpg 300w, https:\/\/ared.tickets-place.net\/wp-content\/uploads\/2021\/06\/KEURNDIAYE30-scaled-2-1024x683.jpg 1024w, https:\/\/ared.tickets-place.net\/wp-content\/uploads\/2021\/06\/KEURNDIAYE30-scaled-2-768x512.jpg 768w, https:\/\/ared.tickets-place.net\/wp-content\/uploads\/2021\/06\/KEURNDIAYE30-scaled-2-1536x1024.jpg 1536w, https:\/\/ared.tickets-place.net\/wp-content\/uploads\/2021\/06\/KEURNDIAYE30-scaled-2-2048x1366.jpg 2048w, https:\/\/ared.tickets-place.net\/wp-content\/uploads\/2021\/06\/KEURNDIAYE30-scaled-2-18x12.jpg 18w\" sizes=\"auto, (max-width: 2560px) 100vw, 2560px\" \/>\t\t\t\t\t\t\t\t\t\t\t\t\t\t\t<\/div>\n\t\t\t\t<\/div>\n\t\t\t\t<div class=\"elementor-element elementor-element-ac0fd0f elementor-widget elementor-widget-button\" data-id=\"ac0fd0f\" data-element_type=\"widget\" data-widget_type=\"button.default\">\n\t\t\t\t<div class=\"elementor-widget-container\">\n\t\t\t\t\t\t\t\t\t<div class=\"elementor-button-wrapper\">\n\t\t\t\t\t<a class=\"elementor-button elementor-button-link elementor-size-sm\" href=\"#\">\n\t\t\t\t\t\t<span class=\"elementor-button-content-wrapper\">\n\t\t\t\t\t\t\t\t\t<span class=\"elementor-button-text\">Project<\/span>\n\t\t\t\t\t<\/span>\n\t\t\t\t\t<\/a>\n\t\t\t\t<\/div>\n\t\t\t\t\t\t\t\t<\/div>\n\t\t\t\t<\/div>\n\t\t\t\t<div class=\"elementor-element elementor-element-bfc0bb9 elementor-widget elementor-widget-ucaddon_underline_link_hover_effect\" data-id=\"bfc0bb9\" data-element_type=\"widget\" data-widget_type=\"ucaddon_underline_link_hover_effect.default\">\n\t\t\t\t<div class=\"elementor-widget-container\">\n\t\t\t\t\t\n<!-- start Underline Link Hover Effect -->\n\t\t<link id='font-awesome-css' href='https:\/\/ared.tickets-place.net\/wp-content\/plugins\/unlimited-elements-for-elementor-premium\/assets_libraries\/font-awesome6\/fontawesome-all.min.css' type='text\/css' rel='stylesheet' >\n\t\t<link id='font-awesome-4-shim-css' href='https:\/\/ared.tickets-place.net\/wp-content\/plugins\/unlimited-elements-for-elementor-premium\/assets_libraries\/font-awesome6\/fontawesome-v4-shims.min.css' type='text\/css' rel='stylesheet' >\n\n<style>\/* widget: Underline Link Hover Effect *\/\n\n#uc_underline_link_hover_effect_elementor_bfc0bb92{\n  display:flex;\n} \n\n#uc_underline_link_hover_effect_elementor_bfc0bb92 a.ue-link{\n  display:flex;\n  position:relative;\n  align-items:center;\n  justify-content:center;\n  text-decoration:none;\n}\n\n#uc_underline_link_hover_effect_elementor_bfc0bb92 a.ue-link:after{\n  content: \"\";\n    width:100%;\n    position:absolute;\n  bottom:0px;\n    left:0px;\n    display: block;\n  transition:1s;\n}\n\n#uc_underline_link_hover_effect_elementor_bfc0bb92 a:hover:after{\n    width:0%;\n  }\n\n#uc_underline_link_hover_effect_elementor_bfc0bb92 .ue-link-hover-effect-spacing{\n  transition:1s;\n}\n\n#uc_underline_link_hover_effect_elementor_bfc0bb92 .ue-link-hover-effect-text{\n  padding:10px 0px;\n}\n\n#uc_underline_link_hover_effect_elementor_bfc0bb92 .ue-link-hover-effect-icon{\n  line-height:1em;\n  transition:1s;\n}\n\n#uc_underline_link_hover_effect_elementor_bfc0bb92 .ue-link-hover-effect-icon svg{\n  height:1em;\n  width:1em;\n}\n\n<\/style>\n\n<div id=\"uc_underline_link_hover_effect_elementor_bfc0bb92\" class=\"ue-link-wrap\">\n  <a class=\"ue-link\" href=\"https:\/\/ared.tickets-place.net\/en\" >\n    <div class=\"ue-link-hover-effect-text\">Project to support quality education in mother tongues for elementary schools in Senegal<\/div>\n    <div class=\"ue-link-hover-effect-spacing\"><\/div>\n    <div class=\"ue-link-hover-effect-icon\"><i class='fas fa-arrow-right'><\/i><\/div>\n  <\/a>\n<\/div>\n<!-- end Underline Link Hover Effect -->\t\t\t\t<\/div>\n\t\t\t\t<\/div>\n\t\t\t\t<\/div>\n\t\t\t\t<\/div>\n\t\t\t\t<\/div>\n\t\t\n\t\t\t\t\t\t<\/div>\n\t\t\t\t<\/div>\n\t\t\t\t\t<\/div>\n\t\t\t\t<\/div>\n\t\t\t\t<\/div>","protected":false},"excerpt":{"rendered":"<p>\u00c9dition : La Puissance des Mots pour Transformer les Communaut\u00e9s Des Ressources P\u00e9dagogiques en Langues Nationales pour une \u00c9ducation Inclusive et Durable Depuis plus de 30 ans, ARED met son [&hellip;]<\/p>","protected":false},"author":1,"featured_media":0,"parent":0,"menu_order":0,"comment_status":"closed","ping_status":"closed","template":"elementor_header_footer","meta":{"give_campaign_id":0,"_eb_attr":"","footnotes":""},"class_list":["post-7217","page","type-page","status-publish","hentry"],"blocksy_meta":[],"campaignId":"","_links":{"self":[{"href":"https:\/\/ared.tickets-place.net\/en\/wp-json\/wp\/v2\/pages\/7217","targetHints":{"allow":["GET"]}}],"collection":[{"href":"https:\/\/ared.tickets-place.net\/en\/wp-json\/wp\/v2\/pages"}],"about":[{"href":"https:\/\/ared.tickets-place.net\/en\/wp-json\/wp\/v2\/types\/page"}],"author":[{"embeddable":true,"href":"https:\/\/ared.tickets-place.net\/en\/wp-json\/wp\/v2\/users\/1"}],"replies":[{"embeddable":true,"href":"https:\/\/ared.tickets-place.net\/en\/wp-json\/wp\/v2\/comments?post=7217"}],"version-history":[{"count":8,"href":"https:\/\/ared.tickets-place.net\/en\/wp-json\/wp\/v2\/pages\/7217\/revisions"}],"predecessor-version":[{"id":7726,"href":"https:\/\/ared.tickets-place.net\/en\/wp-json\/wp\/v2\/pages\/7217\/revisions\/7726"}],"wp:attachment":[{"href":"https:\/\/ared.tickets-place.net\/en\/wp-json\/wp\/v2\/media?parent=7217"}],"curies":[{"name":"wp","href":"https:\/\/api.w.org\/{rel}","templated":true}]}}